{"id":14346,"date":"2021-05-10T09:37:45","date_gmt":"2021-05-10T09:37:45","guid":{"rendered":"https:\/\/demo.goodlayers.com\/arki\/demo1\/?page_id=14346"},"modified":"2021-08-13T09:30:58","modified_gmt":"2021-08-13T09:30:58","slug":"about-2","status":"publish","type":"page","link":"https:\/\/www.lacasa.rybnik.pl\/index.php\/oferta\/about-2\/","title":{"rendered":"Projektowanie"},"content":{"rendered":"\n<pre class=\"wp-block-verse has-medium-font-size\"><strong><span style=\"color:#1292dc\" class=\"has-inline-color\">DOBRY PROJEKT TO PODSTAWA !<\/span><\/strong><\/pre>\n\n\n\n<p>W ramach wsp\u00f3\u0142pracy projektowej proponuj\u0119 Ci wykonanie kompleksowej dokumentacji projektowej.<\/p>\n\n\n\n<p>Kompletny projekt budowlany zawiera wszystkie niezb\u0119dne cz\u0119\u015bci zgodnie z Rozporz\u0105dzeniem Ministra Rozwoju z dnia 11 wrze\u015bnia 2020 r. w sprawie szczeg\u00f3\u0142owego zakresu i formy projektu budowlanego, tj.<\/p>\n\n\n\n<ol><li>projekt zagospodarowania dzia\u0142ki lub terenu<\/li><li>projekt architektoniczno-budowlany<\/li><li>projekt techniczny<\/li><\/ol>\n\n\n\n<p>Dodatkowo oferuj\u0119 r\u00f3wnie\u017c wykonanie wizualizacji bry\u0142y budynku 3D z propozycj\u0105 kolorystyki elewacji.<\/p>\n\n\n\n<p>Nasze przyk\u0142adowe projekty mo\u017cesz zobaczy\u0107 w zak\u0142adce<span style=\"color:#0b81b3\" class=\"has-inline-color\"> <\/span><strong><em><a href=\"https:\/\/www.lacasa.rybnik.pl\/index.php\/about-1\/realizacje-projekty\/\"><span class=\"has-inline-color has-vivid-cyan-blue-color\">REALIZACJE &#8211; PROJEKTY<\/span><\/a><\/em><\/strong><span style=\"color:#0b81b3\" class=\"has-inline-color\">.<\/span><\/p>\n\n\n\n<p>Je\u015bli jeste\u015b zainteresowany oszacowaniem koszt\u00f3w wykonania planowanej przez Ciebie inwestycji oferuj\u0119 r\u00f3wnie\u017c wykonanie szczeg\u00f3\u0142owego kosztorysu inwestorskiego. Wi\u0119cej na ten temat w zak\u0142adce<span style=\"color:#0d8cc2\" class=\"has-inline-color\"> <\/span><strong><a href=\"https:\/\/www.lacasa.rybnik.pl\/index.php\/oferta\/kosztorysy\/\"><em><span class=\"has-inline-color has-vivid-cyan-blue-color\">KOSZTORYSY BUDOWLANE<\/span><\/em><\/a><\/strong><span style=\"color:#0c92cb\" class=\"has-inline-color\">.<\/span><\/p>\n","protected":false},"excerpt":{"rendered":"<p>DOBRY PROJEKT TO PODSTAWA ! W ramach wsp\u00f3\u0142pracy projektowej proponuj\u0119 Ci wykonanie kompleksowej dokumentacji projektowej. Kompletny projekt budowlany zawiera wszystkie niezb\u0119dne cz\u0119\u015bci zgodnie z Rozporz\u0105dzeniem Ministra Rozwoju z dnia 11 wrze\u015bnia 2020 r. w sprawie szczeg\u00f3\u0142owego zakresu i formy projektu budowlanego, tj. projekt zagospodarowania dzia\u0142ki lub terenu projekt architektoniczno-budowlany projekt techniczny Dodatkowo oferuj\u0119 r\u00f3wnie\u017c wykonanie [&hellip;]<\/p>\n","protected":false},"author":1,"featured_media":0,"parent":56,"menu_order":0,"comment_status":"closed","ping_status":"closed","template":"","meta":[],"_links":{"self":[{"href":"https:\/\/www.lacasa.rybnik.pl\/index.php\/wp-json\/wp\/v2\/pages\/14346"}],"collection":[{"href":"https:\/\/www.lacasa.rybnik.pl\/index.php\/wp-json\/wp\/v2\/pages"}],"about":[{"href":"https:\/\/www.lacasa.rybnik.pl\/index.php\/wp-json\/wp\/v2\/types\/page"}],"author":[{"embeddable":true,"href":"https:\/\/www.lacasa.rybnik.pl\/index.php\/wp-json\/wp\/v2\/users\/1"}],"replies":[{"embeddable":true,"href":"https:\/\/www.lacasa.rybnik.pl\/index.php\/wp-json\/wp\/v2\/comments?post=14346"}],"version-history":[{"count":4,"href":"https:\/\/www.lacasa.rybnik.pl\/index.php\/wp-json\/wp\/v2\/pages\/14346\/revisions"}],"predecessor-version":[{"id":14985,"href":"https:\/\/www.lacasa.rybnik.pl\/index.php\/wp-json\/wp\/v2\/pages\/14346\/revisions\/14985"}],"up":[{"embeddable":true,"href":"https:\/\/www.lacasa.rybnik.pl\/index.php\/wp-json\/wp\/v2\/pages\/56"}],"wp:attachment":[{"href":"https:\/\/www.lacasa.rybnik.pl\/index.php\/wp-json\/wp\/v2\/media?parent=14346"}],"curies":[{"name":"wp","href":"https:\/\/api.w.org\/{rel}","templated":true}]}}