{"id":56,"date":"2021-06-12T11:01:10","date_gmt":"2021-06-12T11:01:10","guid":{"rendered":"http:\/\/www.lacasa.rybnik.pl\/?page_id=56"},"modified":"2021-07-14T08:01:41","modified_gmt":"2021-07-14T08:01:41","slug":"oferta","status":"publish","type":"page","link":"https:\/\/www.lacasa.rybnik.pl\/index.php\/oferta\/","title":{"rendered":"Oferta"},"content":{"rendered":"\n<p>Pe\u0142n\u0105 ofert\u0119 znajdziesz w zak\u0142adce<strong> <\/strong><span style=\"color:#0c85b9\" class=\"has-inline-color\"><a href=\"https:\/\/www.lacasa.rybnik.pl\/index.php\/oferta\/uslugi\/\"><strong>US\u0141UGI<\/strong><\/a><\/span><strong>.<\/strong><\/p>\n","protected":false},"excerpt":{"rendered":"<p>Pe\u0142n\u0105 ofert\u0119 znajdziesz w zak\u0142adce US\u0141UGI.<\/p>\n","protected":false},"author":1,"featured_media":0,"parent":0,"menu_order":0,"comment_status":"closed","ping_status":"closed","template":"","meta":[],"_links":{"self":[{"href":"https:\/\/www.lacasa.rybnik.pl\/index.php\/wp-json\/wp\/v2\/pages\/56"}],"collection":[{"href":"https:\/\/www.lacasa.rybnik.pl\/index.php\/wp-json\/wp\/v2\/pages"}],"about":[{"href":"https:\/\/www.lacasa.rybnik.pl\/index.php\/wp-json\/wp\/v2\/types\/page"}],"author":[{"embeddable":true,"href":"https:\/\/www.lacasa.rybnik.pl\/index.php\/wp-json\/wp\/v2\/users\/1"}],"replies":[{"embeddable":true,"href":"https:\/\/www.lacasa.rybnik.pl\/index.php\/wp-json\/wp\/v2\/comments?post=56"}],"version-history":[{"count":5,"href":"https:\/\/www.lacasa.rybnik.pl\/index.php\/wp-json\/wp\/v2\/pages\/56\/revisions"}],"predecessor-version":[{"id":15107,"href":"https:\/\/www.lacasa.rybnik.pl\/index.php\/wp-json\/wp\/v2\/pages\/56\/revisions\/15107"}],"wp:attachment":[{"href":"https:\/\/www.lacasa.rybnik.pl\/index.php\/wp-json\/wp\/v2\/media?parent=56"}],"curies":[{"name":"wp","href":"https:\/\/api.w.org\/{rel}","templated":true}]}}