{"id":59,"date":"2021-06-12T11:07:19","date_gmt":"2021-06-12T11:07:19","guid":{"rendered":"http:\/\/www.lacasa.rybnik.pl\/?page_id=59"},"modified":"2021-08-18T08:51:33","modified_gmt":"2021-08-18T08:51:33","slug":"kosztorysy","status":"publish","type":"page","link":"https:\/\/www.lacasa.rybnik.pl\/index.php\/oferta\/kosztorysy\/","title":{"rendered":"Kosztorysy budowlane"},"content":{"rendered":"\n<p>Dobrze wykonany<strong> kosztorys<\/strong> jest dzi\u015b podstaw\u0105 do tego, aby planowana inwestycja by\u0142a realizowana sprawnie oraz wyeliminowa\u0142a wszelkie spory pomi\u0119dzy Inwestorem a Wykonawc\u0105.<br>Kosztorys jest uzupe\u0142nieniem projektu budowlanego. Szczeg\u00f3\u0142owo okre\u015bla rozmiar ca\u0142ej inwestycji. Pozwala okre\u015bli\u0107 koszty realizacji inwestycji z wyszczeg\u00f3lnieniem na poszczeg\u00f3lne etapy budowy (remontu, rozbi\u00f3rki itp.). Dzi\u0119ki niemu w\u0142a\u015bciwie zaplanujesz sw\u00f3j bud\u017cet.<\/p>\n\n\n\n<p>Posiadam wieloletnie do\u015bwiadczenie w sporz\u0105dzaniu kosztorys\u00f3w inwestorskich oraz ofertowych w bran\u017cy og\u00f3lnobudowlanej.<br>Pracuj\u0119 na programie NormaPro wersja 4.73.<\/p>\n\n\n\n<div style=\"height:45px\" aria-hidden=\"true\" class=\"wp-block-spacer\"><\/div>\n\n\n\n<div class=\"wp-block-image is-style-rounded\"><figure class=\"alignright size-full\"><img loading=\"lazy\" width=\"393\" height=\"375\" src=\"https:\/\/www.lacasa.rybnik.pl\/wp-content\/uploads\/2021\/07\/norma-pro-ikona.jpg\" alt=\"\" class=\"wp-image-14789\" srcset=\"https:\/\/www.lacasa.rybnik.pl\/wp-content\/uploads\/2021\/07\/norma-pro-ikona.jpg 393w, https:\/\/www.lacasa.rybnik.pl\/wp-content\/uploads\/2021\/07\/norma-pro-ikona-300x286.jpg 300w\" sizes=\"(max-width: 393px) 100vw, 393px\" \/><\/figure><\/div>\n\n\n\n<p style=\"font-size:18px\"><strong><a href=\"https:\/\/www.lacasa.rybnik.pl\/index.php\/oferta\/kosztorysy\/2\/\"><span style=\"color:#1480bf\" class=\"has-inline-color\">INFO DLA INWESTORA PRYWATNEGO<\/span><\/a><\/strong><\/p>\n\n\n\n<p class=\"has-text-align-left\" style=\"font-size:18px\"><strong><a href=\"https:\/\/www.lacasa.rybnik.pl\/index.php\/oferta\/kosztorysy\/3\/\" data-type=\"URL\" data-id=\"https:\/\/www.lacasa.rybnik.pl\/index.php\/oferta\/kosztorysy\/3\/\"><span style=\"color:#0d80a6\" class=\"has-inline-color\">INFO DLA PRZESI\u0118BIORCY<\/span><\/a><\/strong><\/p>\n\n\n\n<p class=\"has-text-align-left\" style=\"font-size:18px\"><strong><a href=\"https:\/\/www.lacasa.rybnik.pl\/index.php\/oferta\/kosztorysy\/4\/\"><span style=\"color:#19a566\" class=\"has-inline-color\">PE\u0141NA OFERTA US\u0141UG KOSZTORYSOWYCH<\/span><\/a><\/strong><\/p>\n\n\n\n<div style=\"height:100px\" aria-hidden=\"true\" class=\"wp-block-spacer\"><\/div>\n\n\n\n<!--nextpage-->\n\n\n\n<p style=\"font-size:18px\"><strong><span style=\"color:#107eae\" class=\"has-inline-color\">Dla inwestora prywatnego:<\/span><\/strong><\/p>\n\n\n\n<p>Je\u015bli interesuj\u0105 Ci\u0119 koszty Twojej inwestycji to zapraszam do mojego biura w celu ustalenia zakresu rob\u00f3t do skosztorysowania.<br>W efekcie finalnym otrzymasz ode mnie kosztorys inwestorski stworzony w oparciu o og\u00f3lnopolsk\u0105 baz\u0119 cen Sekocenbud z uwzgl\u0119dnieniem aktualnych stawek kalkulacyjnych wg Informacji kwartalnej Sekocenbud. W sk\u0142ad pe\u0142nego kosztorysu wchodz\u0105 nast\u0119puj\u0105ce elementy: przedmiar rob\u00f3t, kosztorys szczeg\u00f3\u0142owy, podsumowanie og\u00f3lne, tabela element\u00f3w scalonych oraz zestawienia robocizny, materia\u0142\u00f3w i sprz\u0119tu.<\/p>\n\n\n\n<!--nextpage-->\n\n\n\n<p style=\"font-size:18px\"><strong><span style=\"color:#1175a0\" class=\"has-inline-color\">Dla przedsi\u0119biorcy (firmy budowlanej):<\/span><\/strong><\/p>\n\n\n\n<p>Je\u015bli jeste\u015b przedsi\u0119biorc\u0105, prowadzisz firm\u0119 budowlan\u0105, ale przygotowanie szczeg\u00f3\u0142owej oferty dla klienta Ci\u0119 przerasta lub po prostu nie masz na to czasu, to zapraszam serdecznie do wsp\u00f3\u0142pracy ze mn\u0105.<br>Przygotuj\u0119 dla Ciebie wszelk\u0105 wycen\u0119 inwestycji budowlanej o jak\u0105 poprosi Tw\u00f3j klient.<br>S\u0142u\u017c\u0119 pomoc\u0105 i swoim wieloletnim do\u015bwiadczeniem w zakresie sporz\u0105dzania kosztorys\u00f3w budowlanych.<br>Zapewniam, \u017ce Tw\u00f3j klient b\u0119dzie zadowolony, otrzymuj\u0105c szczeg\u00f3\u0142owy kosztorys na podstawie kt\u00f3rego rozliczenie b\u0119dzie czyst\u0105 przyjemno\u015bci\u0105.<\/p>\n\n\n\n<!--nextpage-->\n\n\n\n<p style=\"font-size:18px\"><strong><span style=\"color:#107aa8\" class=\"has-inline-color\">Pe\u0142na oferta us\u0142ug w zakresie wykonywania kosztorys\u00f3w:<\/span><\/strong><\/p>\n\n\n\n<ul><li>kosztorys inwestorski w oparciu o og\u00f3lnopolsk\u0105 baz\u0119 Sekocenbud<\/li><li>kosztorys ofertowy dla przedsi\u0119biorcy budowlanego<\/li><li>kosztorys powykonawczy (rozliczeniowy)<\/li><li>przedmiar rob\u00f3t<\/li><li>kosztorysy przetargowe w bran\u017cy budowlanej<\/li><li>kosztorysy zwrotu koszt\u00f3w zabezpiecze\u0144 budynku na szkody g\u00f3rnicze<\/li><li>kosztorysy budowlane dla firmy ubezpieczeniowej (naprawy szk\u00f3d)<\/li><\/ul>\n\n\n\n<p><\/p>\n","protected":false},"excerpt":{"rendered":"<p>Dobrze wykonany kosztorys jest dzi\u015b podstaw\u0105 do tego, aby planowana inwestycja by\u0142a realizowana sprawnie oraz wyeliminowa\u0142a wszelkie spory pomi\u0119dzy Inwestorem a Wykonawc\u0105.Kosztorys jest uzupe\u0142nieniem projektu budowlanego. Szczeg\u00f3\u0142owo okre\u015bla rozmiar ca\u0142ej inwestycji. Pozwala okre\u015bli\u0107 koszty realizacji inwestycji z wyszczeg\u00f3lnieniem na poszczeg\u00f3lne etapy budowy (remontu, rozbi\u00f3rki itp.). Dzi\u0119ki niemu w\u0142a\u015bciwie zaplanujesz sw\u00f3j bud\u017cet. Posiadam wieloletnie do\u015bwiadczenie w [&hellip;]<\/p>\n","protected":false},"author":1,"featured_media":0,"parent":56,"menu_order":0,"comment_status":"closed","ping_status":"closed","template":"","meta":[],"_links":{"self":[{"href":"https:\/\/www.lacasa.rybnik.pl\/index.php\/wp-json\/wp\/v2\/pages\/59"}],"collection":[{"href":"https:\/\/www.lacasa.rybnik.pl\/index.php\/wp-json\/wp\/v2\/pages"}],"about":[{"href":"https:\/\/www.lacasa.rybnik.pl\/index.php\/wp-json\/wp\/v2\/types\/page"}],"author":[{"embeddable":true,"href":"https:\/\/www.lacasa.rybnik.pl\/index.php\/wp-json\/wp\/v2\/users\/1"}],"replies":[{"embeddable":true,"href":"https:\/\/www.lacasa.rybnik.pl\/index.php\/wp-json\/wp\/v2\/comments?post=59"}],"version-history":[{"count":5,"href":"https:\/\/www.lacasa.rybnik.pl\/index.php\/wp-json\/wp\/v2\/pages\/59\/revisions"}],"predecessor-version":[{"id":15030,"href":"https:\/\/www.lacasa.rybnik.pl\/index.php\/wp-json\/wp\/v2\/pages\/59\/revisions\/15030"}],"up":[{"embeddable":true,"href":"https:\/\/www.lacasa.rybnik.pl\/index.php\/wp-json\/wp\/v2\/pages\/56"}],"wp:attachment":[{"href":"https:\/\/www.lacasa.rybnik.pl\/index.php\/wp-json\/wp\/v2\/media?parent=59"}],"curies":[{"name":"wp","href":"https:\/\/api.w.org\/{rel}","templated":true}]}}